{"id":5136,"date":"2026-02-25T10:47:32","date_gmt":"2026-02-25T08:47:32","guid":{"rendered":"https:\/\/www.perfectvip.pl\/?post_type=product&#038;p=5136"},"modified":"2026-04-09T16:48:44","modified_gmt":"2026-04-09T14:48:44","slug":"ricky-martin-2-07-2026","status":"publish","type":"product","link":"https:\/\/www.perfectvip.pl\/en\/product\/ricky-martin-2-07-2026\/","title":{"rendered":"Ricky Martin 2.07.2026"},"content":{"rendered":"<h4><strong>Ricky Martin will perform on July 2 2026 at TAURON Arena Krak\u00f3w!<\/strong><\/h4>\n<p>Arena map is available below.<\/p>\n<p>Seats are always allocated next to each other. Selection of specific seats from the sector plan is possible on individual request (<a href=\"mailto:office@perfectvip.pl\">office@perfectvip.pl<\/a>)<\/p>\n<p><strong>Please consider your purchases carefully. <\/strong><\/p>\n<p>Refunds are only possible in the event of concert cancellation, or change of date or place of the concert by the concert organizer. Read more about this in our <a href=\"https:\/\/www.perfectvip.pl\/pl\/regulamin\/\">Terms &amp; Conditions.<\/a>.<\/p>\n<p><strong><i>Information about the Event organiser:<\/i><\/strong><i><\/i><\/p>\n<p><i>Perfect VIP conducts through the System the sale of Tickets for the Event carried out by Perfect VIP's partner (Event organiser: Live Nation sp. z o. o.). Therefore Perfect VIP declares that:<span class=\"Apple-converted-space\">\u00a0 <\/span>a) it is not the organiser of the Event; as well as b) it is not responsible for the course of the Event.<\/i><i><\/i><\/p>\n<p><i>Perfect VIP assures that Tickets purchased with the use of the System will be recognised by Perfect VIP's partner (Event organiser: Live Nation sp. z o. o.) as entitling to enter and participate in an Event - in accordance with the Regulations of participation in an Event available at <\/i><a href=\"http:\/\/www.livenation.pl\" target=\"_blank\" rel=\"noreferrer noopener\"><i>www.livenation.pl<\/i><\/a><i>. <\/i><i><\/i><\/p>\n<p><i>All information concerning the Event, including in particular information about the schedule of the Event, organisational changes to the Event (including the Regulations of the Event), for which the User may purchase a Ticket using the System, are available exclusively on the website of the Perfect VIP partner (the organiser of the Event: Live Nation sp. z o. o.) <\/i><a href=\"http:\/\/www.livenation.pl\" target=\"_blank\" rel=\"noreferrer noopener\"><i>www.livenation.pl<\/i><\/a><i>.<\/i><\/p>","protected":false},"excerpt":{"rendered":"<p>Ricky Martin wyst\u0105pi 2 lipca 2026 na TAURON Arena Krak\u00f3w! Mapa Areny z zaznaczonymi sektorami dost\u0119pna jest poni\u017cej. Miejsca przydzielane s\u0105 zawsze obok siebie. Wyb\u00f3r konkretnych miejsc z planu sektora jest mo\u017cliwy na indywidualne \u017cyczenie (office@perfectvip.pl) Prosimy o przemy\u015blane zakupy. Zwrot pieni\u0119dzy mo\u017cliwy jest wy\u0142\u0105cznie w przypadku odwo\u0142ania koncertu, zmiany jego daty lub jego miejsca [&hellip;]<\/p>","protected":false},"featured_media":5139,"comment_status":"open","ping_status":"closed","template":"","meta":{"_acf_changed":false,"inline_featured_image":false},"product_brand":[],"product_cat":[18],"product_tag":[40],"class_list":{"0":"post-5136","1":"product","2":"type-product","3":"status-publish","4":"has-post-thumbnail","6":"product_cat-trybuna-premium","7":"product_tag-sektor-b8","9":"first","10":"instock","11":"shipping-taxable","12":"purchasable","13":"product-type-simple"},"acf":[],"_links":{"self":[{"href":"https:\/\/www.perfectvip.pl\/en\/wp-json\/wp\/v2\/product\/5136","targetHints":{"allow":["GET"]}}],"collection":[{"href":"https:\/\/www.perfectvip.pl\/en\/wp-json\/wp\/v2\/product"}],"about":[{"href":"https:\/\/www.perfectvip.pl\/en\/wp-json\/wp\/v2\/types\/product"}],"replies":[{"embeddable":true,"href":"https:\/\/www.perfectvip.pl\/en\/wp-json\/wp\/v2\/comments?post=5136"}],"wp:featuredmedia":[{"embeddable":true,"href":"https:\/\/www.perfectvip.pl\/en\/wp-json\/wp\/v2\/media\/5139"}],"wp:attachment":[{"href":"https:\/\/www.perfectvip.pl\/en\/wp-json\/wp\/v2\/media?parent=5136"}],"wp:term":[{"taxonomy":"product_brand","embeddable":true,"href":"https:\/\/www.perfectvip.pl\/en\/wp-json\/wp\/v2\/product_brand?post=5136"},{"taxonomy":"product_cat","embeddable":true,"href":"https:\/\/www.perfectvip.pl\/en\/wp-json\/wp\/v2\/product_cat?post=5136"},{"taxonomy":"product_tag","embeddable":true,"href":"https:\/\/www.perfectvip.pl\/en\/wp-json\/wp\/v2\/product_tag?post=5136"}],"curies":[{"name":"wp","href":"https:\/\/api.w.org\/{rel}","templated":true}]}}