{"id":3935,"date":"2025-05-29T10:00:55","date_gmt":"2025-05-29T08:00:55","guid":{"rendered":"https:\/\/www.perfectvip.pl\/?post_type=product&#038;p=3935"},"modified":"2026-01-28T20:25:17","modified_gmt":"2026-01-28T18:25:17","slug":"metallica-19-05-2026","status":"publish","type":"product","link":"https:\/\/www.perfectvip.pl\/pl\/produkt\/metallica-19-05-2026\/","title":{"rendered":"Metallica 19.05.2026"},"content":{"rendered":"<h4>Metallica: M72 World Tour 19 maja 2026 na Stadionie \u015al\u0105skim w Chorzowie<\/h4>\n<p>Mapa Stadionu z zaznaczonym sektorem V03 dost\u0119pna jest poni\u017cej.<\/p>\n<p>Miejsca przydzielane s\u0105 zawsze obok siebie. Wyb\u00f3r konkretnych miejsc z planu sektora jest mo\u017cliwy na indywidualne \u017cyczenie (<a href=\"mailto:office@perfectvip.pl\">office@perfectvip.pl<\/a>)<\/p>\n<p><b>Prosimy o przemy\u015blane zakupy.<span class=\"Apple-converted-space\">\u00a0<\/span><\/b><\/p>\n<p>Zwrot pieni\u0119dzy mo\u017cliwy jest wy\u0142\u0105cznie w przypadku odwo\u0142ania koncertu, zmiany jego daty lub jego miejsca odbycia. Wi\u0119cej informacji na ten temat znajd\u0105\u00a0Pa\u0144stwo w <a href=\"https:\/\/www.perfectvip.pl\/pl\/regulamin\/\">regulaminie<\/a>.<\/p>\n<p><b><i>Informacja na temat organizatora Imprezy:<\/i><\/b><b><i><\/i><\/b><\/p>\n<p><i>Perfect Hospitality sp. z o. o. prowadzi za po\u015brednictwem Systemu sprzeda\u017c Bilet\u00f3w na Imprez\u0119 realizowan\u0105 przez partnera Perfect Hospitality sp. z o. o. (organizatora Imprezy: Live Nation sp. z o. o.). W zwi\u0105zku z powy\u017cszym Perfect Hospitality sp. z o. o.\u00a0o\u015bwiadcza, \u017ce:<span class=\"Apple-converted-space\">\u00a0 <\/span>a) nie jest organizatorem Imprezy; jak r\u00f3wnie\u017c b) nie jest odpowiedzialny za przebieg Imprezy.<\/i><\/p>\n<p><i>Perfect Hospitality sp. z o. o. zapewnia, \u017ce Bilety nabyte z wykorzystaniem Systemu b\u0119d\u0105 uznawane przez partnera Perfect Hospitality sp. z o. o. (organizatora Imprezy: Live Nation sp. z o. o.) za uprawniaj\u0105ce do wej\u015bcia i udzia\u0142u w danej Imprezie - zgodnie z Regulaminem uczestnictwa w imprezie dost\u0119pnym na stronie <\/i><a href=\"http:\/\/www.livenation.pl\/\" target=\"_blank\" rel=\"noopener\"><i>www.livenation.pl<\/i><\/a><i>.<span class=\"Apple-converted-space\">\u00a0<\/span><\/i><\/p>\n<p><i>Wszelkie Informacje dotycz\u0105ce Imprezy, w tym przede wszystkim informacje na temat harmonogramu przebiegu Imprezy, zmian organizacyjnych Imprezy (w tym Regulaminu Imprezy), na kt\u00f3r\u0105 U\u017cytkownik mo\u017ce kupi\u0107 Bilet korzystaj\u0105c z Systemu, znajduj\u0105 si\u0119 wy\u0142\u0105cznie na stronie partnera Perfect Hospitality sp. z o. o. (organizatora Imprezy: Live Nation sp. z o. o.) <\/i><a href=\"http:\/\/www.livenation.pl\/\" target=\"_blank\" rel=\"noopener\"><i>www.livenation.pl<\/i><\/a><i>.<\/i><\/p>\n","protected":false},"excerpt":{"rendered":"<p>Metallica: M72 World Tour 19 maja 2026 na Stadionie \u015al\u0105skim w Chorzowie Mapa Stadionu z zaznaczonym sektorem V03 dost\u0119pna jest poni\u017cej. Miejsca przydzielane s\u0105 zawsze obok siebie. Wyb\u00f3r konkretnych miejsc z planu sektora jest mo\u017cliwy na indywidualne \u017cyczenie (office@perfectvip.pl) Prosimy o przemy\u015blane zakupy.\u00a0 Zwrot pieni\u0119dzy mo\u017cliwy jest wy\u0142\u0105cznie w przypadku odwo\u0142ania koncertu, zmiany jego daty [&hellip;]<\/p>\n","protected":false},"featured_media":3959,"comment_status":"open","ping_status":"closed","template":"","meta":{"_acf_changed":false,"inline_featured_image":false},"product_brand":[],"product_cat":[18],"product_tag":[70,71,72],"class_list":{"0":"post-3935","1":"product","2":"type-product","3":"status-publish","4":"has-post-thumbnail","6":"product_cat-trybuna-premium","7":"product_tag-sektor-d-29","8":"product_tag-sektor-d-30","9":"product_tag-sektor-d-31","11":"first","12":"instock","13":"shipping-taxable","14":"product-type-external"},"acf":[],"_links":{"self":[{"href":"https:\/\/www.perfectvip.pl\/pl\/wp-json\/wp\/v2\/product\/3935","targetHints":{"allow":["GET"]}}],"collection":[{"href":"https:\/\/www.perfectvip.pl\/pl\/wp-json\/wp\/v2\/product"}],"about":[{"href":"https:\/\/www.perfectvip.pl\/pl\/wp-json\/wp\/v2\/types\/product"}],"replies":[{"embeddable":true,"href":"https:\/\/www.perfectvip.pl\/pl\/wp-json\/wp\/v2\/comments?post=3935"}],"wp:featuredmedia":[{"embeddable":true,"href":"https:\/\/www.perfectvip.pl\/pl\/wp-json\/wp\/v2\/media\/3959"}],"wp:attachment":[{"href":"https:\/\/www.perfectvip.pl\/pl\/wp-json\/wp\/v2\/media?parent=3935"}],"wp:term":[{"taxonomy":"product_brand","embeddable":true,"href":"https:\/\/www.perfectvip.pl\/pl\/wp-json\/wp\/v2\/product_brand?post=3935"},{"taxonomy":"product_cat","embeddable":true,"href":"https:\/\/www.perfectvip.pl\/pl\/wp-json\/wp\/v2\/product_cat?post=3935"},{"taxonomy":"product_tag","embeddable":true,"href":"https:\/\/www.perfectvip.pl\/pl\/wp-json\/wp\/v2\/product_tag?post=3935"}],"curies":[{"name":"wp","href":"https:\/\/api.w.org\/{rel}","templated":true}]}}